{"id":426,"date":"2020-11-24T12:01:11","date_gmt":"2020-11-24T12:01:11","guid":{"rendered":"https:\/\/moradadastradicoes.com.br\/utmt\/?page_id=426"},"modified":"2020-11-26T21:15:31","modified_gmt":"2020-11-26T21:15:31","slug":"formulario-de-inscricoes","status":"publish","type":"page","link":"https:\/\/moradadastradicoes.com.br\/utmt\/formulario-de-inscricoes\/","title":{"rendered":"Formul\u00e1rio de Inscri\u00e7\u00f5es"},"content":{"rendered":"<p>[et_pb_section fb_built=&#8221;1&#8243; next_background_color=&#8221;#f8b21f&#8221; _builder_version=&#8221;4.5.6&#8243; _module_preset=&#8221;default&#8221; custom_margin=&#8221;-50px||||false|false&#8221; custom_padding=&#8221;||||false|false&#8221; top_divider_color=&#8221;#e2a62e&#8221; bottom_divider_style=&#8221;wave2&#8243;][et_pb_row _builder_version=&#8221;4.5.6&#8243; _module_preset=&#8221;default&#8221;][et_pb_column type=&#8221;4_4&#8243; _builder_version=&#8221;4.5.6&#8243; _module_preset=&#8221;default&#8221;][et_pb_text _builder_version=&#8221;4.6.5&#8243; _module_preset=&#8221;default&#8221; header_font=&#8221;Roboto||||||||&#8221; header_text_color=&#8221;#e2a62e&#8221;]<\/p>\n<h1 style=\"text-align: center;\">Formul\u00e1rio Para Inscri\u00e7\u00f5es<\/h1>\n<p>[\/et_pb_text][\/et_pb_column][\/et_pb_row][\/et_pb_section][et_pb_section fb_built=&#8221;1&#8243; prev_background_color=&#8221;#ffffff&#8221; _builder_version=&#8221;4.6.5&#8243; _module_preset=&#8221;default&#8221; background_color=&#8221;#f8b21f&#8221; background_enable_image=&#8221;off&#8221; background_size=&#8221;initial&#8221; min_height=&#8221;759px&#8221; custom_margin=&#8221;-100px||||false|false&#8221; custom_padding=&#8221;||||true|false&#8221; top_divider_style=&#8221;wave2&#8243;][et_pb_row _builder_version=&#8221;4.6.5&#8243; _module_preset=&#8221;default&#8221; hover_enabled=&#8221;0&#8243; disabled_on=&#8221;off|off|off&#8221; sticky_enabled=&#8221;0&#8243;][et_pb_column type=&#8221;4_4&#8243; _builder_version=&#8221;4.5.6&#8243; _module_preset=&#8221;default&#8221;][et_pb_contact_form _builder_version=&#8221;4.6.5&#8243; _module_preset=&#8221;default&#8221; success_message=&#8221;Mensagem Enviada com Sucesso!!&#8221; submit_button_text=&#8221;Enviar Mensagem&#8221; email=&#8221;marcelo@mytecnologia.com.br, paulosorti@gmail.com&#8221; use_redirect=&#8221;on&#8221; redirect_url=&#8221;https:\/\/moradadastradicoes.com.br\/utmt\/formulario-de-inscricoes\/&#8221; hover_enabled=&#8221;0&#8243; sticky_enabled=&#8221;0&#8243; custom_message=&#8221;Nome:||et_pb_line_break_holder|| %%nome%%||et_pb_line_break_holder||______________________________________||et_pb_line_break_holder||Email: ||et_pb_line_break_holder||%%email%%||et_pb_line_break_holder||______________________________________||et_pb_line_break_holder||Telefone:||et_pb_line_break_holder||%%telefone%%||et_pb_line_break_holder||______________________________________||et_pb_line_break_holder||CPF: ||et_pb_line_break_holder||%%cpf%%||et_pb_line_break_holder||______________________________________||et_pb_line_break_holder||Cursos&#8230;: ||et_pb_line_break_holder||%%curso_01%%||et_pb_line_break_holder||______________________________________||et_pb_line_break_holder||%%curso_02%%||et_pb_line_break_holder||||et_pb_line_break_holder||_______________________________________________||et_pb_line_break_holder||Mensagem&#8230;: %%Message%%&#8221; custom_button=&#8221;on&#8221; button_border_radius=&#8221;50px&#8221; captcha_text_color=&#8221;#ffffff&#8221; captcha_font_size=&#8221;25px&#8221; captcha_text_shadow_style=&#8221;preset1&#8243;][et_pb_contact_field field_id=&#8221;nome&#8221; field_title=&#8221;Nome&#8221; _builder_version=&#8221;4.6.5&#8243; hover_enabled=&#8221;0&#8243; button_text_size__hover_enabled=&#8221;off&#8221; button_one_text_size__hover_enabled=&#8221;off&#8221; button_two_text_size__hover_enabled=&#8221;off&#8221; button_text_color__hover_enabled=&#8221;off&#8221; button_one_text_color__hover_enabled=&#8221;off&#8221; button_two_text_color__hover_enabled=&#8221;off&#8221; button_border_width__hover_enabled=&#8221;off&#8221; button_one_border_width__hover_enabled=&#8221;off&#8221; button_two_border_width__hover_enabled=&#8221;off&#8221; button_border_color__hover_enabled=&#8221;off&#8221; button_one_border_color__hover_enabled=&#8221;off&#8221; button_two_border_color__hover_enabled=&#8221;off&#8221; button_border_radius__hover_enabled=&#8221;off&#8221; button_one_border_radius__hover_enabled=&#8221;off&#8221; button_two_border_radius__hover_enabled=&#8221;off&#8221; button_letter_spacing__hover_enabled=&#8221;off&#8221; button_one_letter_spacing__hover_enabled=&#8221;off&#8221; button_two_letter_spacing__hover_enabled=&#8221;off&#8221; button_bg_color__hover_enabled=&#8221;off&#8221; button_one_bg_color__hover_enabled=&#8221;off&#8221; button_two_bg_color__hover_enabled=&#8221;off&#8221; sticky_enabled=&#8221;0&#8243;][\/et_pb_contact_field][et_pb_contact_field field_id=&#8221;email&#8221; field_title=&#8221;E-mail&#8221; field_type=&#8221;email&#8221; _builder_version=&#8221;4.6.5&#8243; hover_enabled=&#8221;0&#8243; button_text_size__hover_enabled=&#8221;off&#8221; button_one_text_size__hover_enabled=&#8221;off&#8221; button_two_text_size__hover_enabled=&#8221;off&#8221; button_text_color__hover_enabled=&#8221;off&#8221; button_one_text_color__hover_enabled=&#8221;off&#8221; button_two_text_color__hover_enabled=&#8221;off&#8221; button_border_width__hover_enabled=&#8221;off&#8221; button_one_border_width__hover_enabled=&#8221;off&#8221; button_two_border_width__hover_enabled=&#8221;off&#8221; button_border_color__hover_enabled=&#8221;off&#8221; button_one_border_color__hover_enabled=&#8221;off&#8221; button_two_border_color__hover_enabled=&#8221;off&#8221; button_border_radius__hover_enabled=&#8221;off&#8221; button_one_border_radius__hover_enabled=&#8221;off&#8221; button_two_border_radius__hover_enabled=&#8221;off&#8221; button_letter_spacing__hover_enabled=&#8221;off&#8221; button_one_letter_spacing__hover_enabled=&#8221;off&#8221; button_two_letter_spacing__hover_enabled=&#8221;off&#8221; button_bg_color__hover_enabled=&#8221;off&#8221; button_one_bg_color__hover_enabled=&#8221;off&#8221; button_two_bg_color__hover_enabled=&#8221;off&#8221; sticky_enabled=&#8221;0&#8243;][\/et_pb_contact_field][et_pb_contact_field field_id=&#8221;telefone&#8221; field_title=&#8221;Telefone&#8221; _builder_version=&#8221;4.6.5&#8243; hover_enabled=&#8221;0&#8243; button_text_size__hover_enabled=&#8221;off&#8221; button_one_text_size__hover_enabled=&#8221;off&#8221; button_two_text_size__hover_enabled=&#8221;off&#8221; button_text_color__hover_enabled=&#8221;off&#8221; button_one_text_color__hover_enabled=&#8221;off&#8221; button_two_text_color__hover_enabled=&#8221;off&#8221; button_border_width__hover_enabled=&#8221;off&#8221; button_one_border_width__hover_enabled=&#8221;off&#8221; button_two_border_width__hover_enabled=&#8221;off&#8221; button_border_color__hover_enabled=&#8221;off&#8221; button_one_border_color__hover_enabled=&#8221;off&#8221; button_two_border_color__hover_enabled=&#8221;off&#8221; button_border_radius__hover_enabled=&#8221;off&#8221; button_one_border_radius__hover_enabled=&#8221;off&#8221; button_two_border_radius__hover_enabled=&#8221;off&#8221; button_letter_spacing__hover_enabled=&#8221;off&#8221; button_one_letter_spacing__hover_enabled=&#8221;off&#8221; button_two_letter_spacing__hover_enabled=&#8221;off&#8221; button_bg_color__hover_enabled=&#8221;off&#8221; button_one_bg_color__hover_enabled=&#8221;off&#8221; button_two_bg_color__hover_enabled=&#8221;off&#8221; sticky_enabled=&#8221;0&#8243;][\/et_pb_contact_field][et_pb_contact_field field_id=&#8221;cpf&#8221; field_title=&#8221;CPF&#8221; _builder_version=&#8221;4.6.5&#8243; hover_enabled=&#8221;0&#8243; button_text_size__hover_enabled=&#8221;off&#8221; button_one_text_size__hover_enabled=&#8221;off&#8221; button_two_text_size__hover_enabled=&#8221;off&#8221; button_text_color__hover_enabled=&#8221;off&#8221; button_one_text_color__hover_enabled=&#8221;off&#8221; button_two_text_color__hover_enabled=&#8221;off&#8221; button_border_width__hover_enabled=&#8221;off&#8221; button_one_border_width__hover_enabled=&#8221;off&#8221; button_two_border_width__hover_enabled=&#8221;off&#8221; button_border_color__hover_enabled=&#8221;off&#8221; button_one_border_color__hover_enabled=&#8221;off&#8221; button_two_border_color__hover_enabled=&#8221;off&#8221; button_border_radius__hover_enabled=&#8221;off&#8221; button_one_border_radius__hover_enabled=&#8221;off&#8221; button_two_border_radius__hover_enabled=&#8221;off&#8221; button_letter_spacing__hover_enabled=&#8221;off&#8221; button_one_letter_spacing__hover_enabled=&#8221;off&#8221; button_two_letter_spacing__hover_enabled=&#8221;off&#8221; button_bg_color__hover_enabled=&#8221;off&#8221; button_one_bg_color__hover_enabled=&#8221;off&#8221; button_two_bg_color__hover_enabled=&#8221;off&#8221; sticky_enabled=&#8221;0&#8243;][\/et_pb_contact_field][et_pb_contact_field field_id=&#8221;curso_01&#8243; field_title=&#8221;Cursos&#8221; field_type=&#8221;checkbox&#8221; _builder_version=&#8221;4.6.5&#8243; button_text_size__hover_enabled=&#8221;off&#8221; button_one_text_size__hover_enabled=&#8221;off&#8221; button_two_text_size__hover_enabled=&#8221;off&#8221; button_text_color__hover_enabled=&#8221;off&#8221; button_one_text_color__hover_enabled=&#8221;off&#8221; button_two_text_color__hover_enabled=&#8221;off&#8221; button_border_width__hover_enabled=&#8221;off&#8221; button_one_border_width__hover_enabled=&#8221;off&#8221; button_two_border_width__hover_enabled=&#8221;off&#8221; button_border_color__hover_enabled=&#8221;off&#8221; button_one_border_color__hover_enabled=&#8221;off&#8221; button_two_border_color__hover_enabled=&#8221;off&#8221; button_border_radius__hover_enabled=&#8221;off&#8221; button_one_border_radius__hover_enabled=&#8221;off&#8221; button_two_border_radius__hover_enabled=&#8221;off&#8221; button_letter_spacing__hover_enabled=&#8221;off&#8221; button_one_letter_spacing__hover_enabled=&#8221;off&#8221; button_two_letter_spacing__hover_enabled=&#8221;off&#8221; button_bg_color__hover_enabled=&#8221;off&#8221; button_one_bg_color__hover_enabled=&#8221;off&#8221; button_two_bg_color__hover_enabled=&#8221;off&#8221; sticky_enabled=&#8221;0&#8243; checkbox_options=&#8221;%91{%22value%22:%220-Tradi\u00e7\u00f5es%22,%22checked%22:0,%22dragID%22:-1},{%22value%22:%221-Corpo e Consci\u00eancia%22,%22checked%22:0,%22dragID%22:0},{%22value%22:%222-Meio Ambiente, Ecologia e Sustentabilidade%22,%22checked%22:0,%22dragID%22:4},{%22value%22:%223-Leis e Princ\u00edpios da Espiritualidade%22,%22checked%22:0,%22dragID%22:3},{%22value%22:%224-O Ser, o Saber e o Conhecimento de S\u00ed%22,%22checked%22:0,%22dragID%22:2},{%22value%22:%225-Filosofia e a Constitui\u00e7\u00e3o do Sujeito%22,%22checked%22:0,%22dragID%22:1}%93&#8243; form_field_text_color=&#8221;#623421&#8243; form_field_font=&#8221;Roboto|700|||||||&#8221; hover_enabled=&#8221;0&#8243;][\/et_pb_contact_field][et_pb_contact_field field_id=&#8221;curso_02&#8243; field_title=&#8221;.&#8221; field_type=&#8221;checkbox&#8221; _builder_version=&#8221;4.6.5&#8243; button_text_size__hover_enabled=&#8221;off&#8221; button_one_text_size__hover_enabled=&#8221;off&#8221; button_two_text_size__hover_enabled=&#8221;off&#8221; button_text_color__hover_enabled=&#8221;off&#8221; button_one_text_color__hover_enabled=&#8221;off&#8221; button_two_text_color__hover_enabled=&#8221;off&#8221; button_border_width__hover_enabled=&#8221;off&#8221; button_one_border_width__hover_enabled=&#8221;off&#8221; button_two_border_width__hover_enabled=&#8221;off&#8221; button_border_color__hover_enabled=&#8221;off&#8221; button_one_border_color__hover_enabled=&#8221;off&#8221; button_two_border_color__hover_enabled=&#8221;off&#8221; button_border_radius__hover_enabled=&#8221;off&#8221; button_one_border_radius__hover_enabled=&#8221;off&#8221; button_two_border_radius__hover_enabled=&#8221;off&#8221; button_letter_spacing__hover_enabled=&#8221;off&#8221; button_one_letter_spacing__hover_enabled=&#8221;off&#8221; button_two_letter_spacing__hover_enabled=&#8221;off&#8221; button_bg_color__hover_enabled=&#8221;off&#8221; button_one_bg_color__hover_enabled=&#8221;off&#8221; button_two_bg_color__hover_enabled=&#8221;off&#8221; sticky_enabled=&#8221;0&#8243; checkbox_options=&#8221;%91{%22value%22:%226-Fundamentos das Tradi\u00e7\u00f5es e Escolas Espirituais%22,%22checked%22:0,%22dragID%22:-1},{%22value%22:%227-O Processo de Mediar e a C\u00e2mara de Media\u00e7\u00e3o%22,%22checked%22:0,%22dragID%22:0},{%22value%22:%228-Profissionaliza\u00e7\u00e3o e a Constru\u00e7\u00e3o da Prosperidade%22,%22checked%22:0,%22dragID%22:1},{%22value%22:%229-Grupos Cont\u00ednuos(Instituto e Forma\u00e7\u00e3o Continuada)%22,%22checked%22:0,%22dragID%22:2},{%22value%22:%2210-Retiros Abertos%22,%22checked%22:0,%22dragID%22:3},{%22value%22:%2211-Viagens Espirituais%22,%22checked%22:0,%22dragID%22:4}%93&#8243; form_field_text_color=&#8221;#623421&#8243; form_field_font=&#8221;Roboto|700|||||||&#8221; hover_enabled=&#8221;0&#8243;][\/et_pb_contact_field][et_pb_contact_field field_id=&#8221;Message&#8221; field_title=&#8221;Mensagem&#8221; field_type=&#8221;text&#8221; fullwidth_field=&#8221;on&#8221; _builder_version=&#8221;4.6.5&#8243; hover_enabled=&#8221;0&#8243; button_text_size__hover_enabled=&#8221;off&#8221; button_one_text_size__hover_enabled=&#8221;off&#8221; button_two_text_size__hover_enabled=&#8221;off&#8221; button_text_color__hover_enabled=&#8221;off&#8221; button_one_text_color__hover_enabled=&#8221;off&#8221; button_two_text_color__hover_enabled=&#8221;off&#8221; button_border_width__hover_enabled=&#8221;off&#8221; button_one_border_width__hover_enabled=&#8221;off&#8221; button_two_border_width__hover_enabled=&#8221;off&#8221; button_border_color__hover_enabled=&#8221;off&#8221; button_one_border_color__hover_enabled=&#8221;off&#8221; button_two_border_color__hover_enabled=&#8221;off&#8221; button_border_radius__hover_enabled=&#8221;off&#8221; button_one_border_radius__hover_enabled=&#8221;off&#8221; button_two_border_radius__hover_enabled=&#8221;off&#8221; button_letter_spacing__hover_enabled=&#8221;off&#8221; button_one_letter_spacing__hover_enabled=&#8221;off&#8221; button_two_letter_spacing__hover_enabled=&#8221;off&#8221; button_bg_color__hover_enabled=&#8221;off&#8221; button_one_bg_color__hover_enabled=&#8221;off&#8221; button_two_bg_color__hover_enabled=&#8221;off&#8221; sticky_enabled=&#8221;0&#8243;][\/et_pb_contact_field][\/et_pb_contact_form][\/et_pb_column][\/et_pb_row][\/et_pb_section]<\/p>\n","protected":false},"excerpt":{"rendered":"<p>Formul\u00e1rio Para Inscri\u00e7\u00f5es<\/p>\n","protected":false},"author":1,"featured_media":0,"parent":0,"menu_order":0,"comment_status":"closed","ping_status":"closed","template":"","meta":{"_et_pb_use_builder":"on","_et_pb_old_content":"","_et_gb_content_width":""},"_links":{"self":[{"href":"https:\/\/moradadastradicoes.com.br\/utmt\/wp-json\/wp\/v2\/pages\/426"}],"collection":[{"href":"https:\/\/moradadastradicoes.com.br\/utmt\/wp-json\/wp\/v2\/pages"}],"about":[{"href":"https:\/\/moradadastradicoes.com.br\/utmt\/wp-json\/wp\/v2\/types\/page"}],"author":[{"embeddable":true,"href":"https:\/\/moradadastradicoes.com.br\/utmt\/wp-json\/wp\/v2\/users\/1"}],"replies":[{"embeddable":true,"href":"https:\/\/moradadastradicoes.com.br\/utmt\/wp-json\/wp\/v2\/comments?post=426"}],"version-history":[{"count":21,"href":"https:\/\/moradadastradicoes.com.br\/utmt\/wp-json\/wp\/v2\/pages\/426\/revisions"}],"predecessor-version":[{"id":682,"href":"https:\/\/moradadastradicoes.com.br\/utmt\/wp-json\/wp\/v2\/pages\/426\/revisions\/682"}],"wp:attachment":[{"href":"https:\/\/moradadastradicoes.com.br\/utmt\/wp-json\/wp\/v2\/media?parent=426"}],"curies":[{"name":"wp","href":"https:\/\/api.w.org\/{rel}","templated":true}]}}